{"id":4707,"date":"2019-12-20T18:06:07","date_gmt":"2019-12-20T23:06:07","guid":{"rendered":"https:\/\/panfab.com\/projects-2\/"},"modified":"2023-12-12T14:12:30","modified_gmt":"2023-12-12T19:12:30","slug":"projects","status":"publish","type":"page","link":"https:\/\/panfab.com\/en\/projects\/","title":{"rendered":"PROJECTS"},"content":{"rendered":"\t\t<div data-elementor-type=\"wp-page\" data-elementor-id=\"4707\" class=\"elementor elementor-4707 elementor-4696\" data-elementor-post-type=\"page\">\n\t\t\t\t\t\t<section class=\"elementor-section elementor-top-section elementor-element elementor-element-1d8679a elementor-section-full_width elementor-section-height-min-height elementor-section-height-default elementor-section-items-middle\" data-id=\"1d8679a\" data-element_type=\"section\" data-e-type=\"section\" data-settings=\"{&quot;background_background&quot;:&quot;classic&quot;,&quot;background_motion_fx_motion_fx_scrolling&quot;:&quot;yes&quot;,&quot;background_motion_fx_translateY_effect&quot;:&quot;yes&quot;,&quot;background_motion_fx_translateY_speed&quot;:{&quot;unit&quot;:&quot;px&quot;,&quot;size&quot;:8.2,&quot;sizes&quot;:[]},&quot;background_motion_fx_translateY_affectedRange&quot;:{&quot;unit&quot;:&quot;%&quot;,&quot;size&quot;:&quot;&quot;,&quot;sizes&quot;:{&quot;start&quot;:0,&quot;end&quot;:100}},&quot;background_motion_fx_devices&quot;:[&quot;desktop&quot;,&quot;tablet&quot;,&quot;mobile&quot;]}\">\n\t\t\t\t\t\t<div class=\"elementor-container elementor-column-gap-default\">\n\t\t\t\t\t<div class=\"elementor-column elementor-col-100 elementor-top-column elementor-element elementor-element-fc6d5\" data-id=\"fc6d5\" data-element_type=\"column\" data-e-type=\"column\">\n\t\t\t<div class=\"elementor-widget-wrap\">\n\t\t\t\t\t\t\t<\/div>\n\t\t<\/div>\n\t\t\t\t\t<\/div>\n\t\t<\/section>\n\t\t\t\t<section class=\"elementor-section elementor-top-section elementor-element elementor-element-21c7904 elementor-section-height-min-height elementor-section-content-top elementor-section-boxed elementor-section-height-default elementor-section-items-middle\" data-id=\"21c7904\" data-element_type=\"section\" data-e-type=\"section\" data-settings=\"{&quot;background_background&quot;:&quot;classic&quot;}\">\n\t\t\t\t\t\t<div class=\"elementor-container elementor-column-gap-default\">\n\t\t\t\t\t<div class=\"elementor-column elementor-col-100 elementor-top-column elementor-element elementor-element-6c9d6e5a\" data-id=\"6c9d6e5a\" data-element_type=\"column\" data-e-type=\"column\" data-settings=\"{&quot;background_background&quot;:&quot;classic&quot;}\">\n\t\t\t<div class=\"elementor-widget-wrap elementor-element-populated\">\n\t\t\t\t\t\t<div class=\"elementor-element elementor-element-1bb9bc4d elementor-widget elementor-widget-heading\" data-id=\"1bb9bc4d\" data-element_type=\"widget\" data-e-type=\"widget\" data-widget_type=\"heading.default\">\n\t\t\t\t<div class=\"elementor-widget-container\">\n\t\t\t\t\t<h2 class=\"elementor-heading-title elementor-size-default\">SEARCH FOR PROJECTS <br><\/h2>\t\t\t\t<\/div>\n\t\t\t\t<\/div>\n\t\t\t\t<div class=\"elementor-element elementor-element-3992a39 elementor-widget elementor-widget-heading\" data-id=\"3992a39\" data-element_type=\"widget\" data-e-type=\"widget\" data-widget_type=\"heading.default\">\n\t\t\t\t<div class=\"elementor-widget-container\">\n\t\t\t\t\t<h2 class=\"elementor-heading-title elementor-size-default\">FIND EXAMPLES OF PRODUCT USE <br><\/h2>\t\t\t\t<\/div>\n\t\t\t\t<\/div>\n\t\t\t\t<div class=\"elementor-element elementor-element-6f4fbbd3 elementor-widget-divider--view-line elementor-widget elementor-widget-divider\" data-id=\"6f4fbbd3\" data-element_type=\"widget\" data-e-type=\"widget\" data-widget_type=\"divider.default\">\n\t\t\t\t<div class=\"elementor-widget-container\">\n\t\t\t\t\t\t\t<div class=\"elementor-divider\">\n\t\t\t<span class=\"elementor-divider-separator\">\n\t\t\t\t\t\t<\/span>\n\t\t<\/div>\n\t\t\t\t\t\t<\/div>\n\t\t\t\t<\/div>\n\t\t\t\t<div class=\"elementor-element elementor-element-412229fc elementor-widget elementor-widget-text-editor\" data-id=\"412229fc\" data-element_type=\"widget\" data-e-type=\"widget\" data-widget_type=\"text-editor.default\">\n\t\t\t\t<div class=\"elementor-widget-container\">\n\t\t\t\t\t\t\t\t\t<p>Use our project search tool to find examples of realizations using Panfab Architectural Panels. Choose <strong>one or more of the options<\/strong> from the search filters.<\/p>\t\t\t\t\t\t\t\t<\/div>\n\t\t\t\t<\/div>\n\t\t\t\t<div class=\"elementor-element elementor-element-7d77e6b0 elementor-widget elementor-widget-toolset-view\" data-id=\"7d77e6b0\" data-element_type=\"widget\" data-e-type=\"widget\" data-widget_type=\"toolset-view.default\">\n\t\t\t\t<div class=\"elementor-widget-container\">\n\t\t\t\t\t<form autocomplete=\"off\" name=\"wpv-filter-3141\" action=\"\/en\/wp-json\/wp\/v2\/pages\/4707?wpv_view_count=3141\" method=\"get\" class=\"wpv-filter-form js-wpv-filter-form js-wpv-filter-form-3141 js-wpv-form-full\" data-viewnumber=\"3141\" data-viewid=\"3141\" data-viewhash=\"eyJpZCI6MzE0MSwib3JkZXIiOiJkZWZhdWx0Iiwib3JkZXJieV9zZWNvbmQiOiJkZWZhdWx0Iiwib3JkZXJfc2Vjb25kIjoiZGVmYXVsdCJ9\" data-viewwidgetid=\"0\" data-orderby=\"\" data-order=\"\" data-orderbyas=\"\" data-orderbysecond=\"\" data-ordersecond=\"\" data-parametric=\"{&quot;query&quot;:&quot;normal&quot;,&quot;id&quot;:3141,&quot;view_id&quot;:3141,&quot;widget_id&quot;:0,&quot;view_hash&quot;:&quot;3141&quot;,&quot;action&quot;:&quot;\\\/en\\\/wp-json\\\/wp\\\/v2\\\/pages\\\/4707?wpv_view_count=3141&quot;,&quot;sort&quot;:{&quot;orderby&quot;:&quot;&quot;,&quot;order&quot;:&quot;&quot;,&quot;orderby_as&quot;:&quot;&quot;,&quot;orderby_second&quot;:&quot;&quot;,&quot;order_second&quot;:&quot;&quot;},&quot;orderby&quot;:&quot;&quot;,&quot;order&quot;:&quot;&quot;,&quot;orderby_as&quot;:&quot;&quot;,&quot;orderby_second&quot;:&quot;&quot;,&quot;order_second&quot;:&quot;&quot;,&quot;ajax_form&quot;:&quot;&quot;,&quot;ajax_results&quot;:&quot;&quot;,&quot;effect&quot;:&quot;fade&quot;,&quot;prebefore&quot;:&quot;&quot;,&quot;before&quot;:&quot;&quot;,&quot;after&quot;:&quot;&quot;,&quot;attributes&quot;:{&quot;id&quot;:3141,&quot;order&quot;:&quot;default&quot;,&quot;orderby_second&quot;:&quot;default&quot;,&quot;order_second&quot;:&quot;default&quot;},&quot;environment&quot;:{&quot;current_post_id&quot;:4707,&quot;parent_post_id&quot;:4707,&quot;parent_term_id&quot;:0,&quot;parent_user_id&quot;:0,&quot;archive&quot;:{&quot;type&quot;:&quot;&quot;,&quot;name&quot;:&quot;&quot;,&quot;data&quot;:[]}},&quot;loop&quot;:{&quot;type&quot;:&quot;&quot;,&quot;name&quot;:&quot;&quot;,&quot;data&quot;:[],&quot;id&quot;:0}}\" data-attributes=\"{&quot;id&quot;:3141,&quot;order&quot;:&quot;default&quot;,&quot;orderby_second&quot;:&quot;default&quot;,&quot;order_second&quot;:&quot;default&quot;}\" data-environment=\"{&quot;current_post_id&quot;:4707,&quot;parent_post_id&quot;:4707,&quot;parent_term_id&quot;:0,&quot;parent_user_id&quot;:0,&quot;archive&quot;:{&quot;type&quot;:&quot;&quot;,&quot;name&quot;:&quot;&quot;,&quot;data&quot;:[]}}\"><input type=\"hidden\" class=\"js-wpv-dps-filter-data js-wpv-filter-data-for-this-form\" data-action=\"\/en\/wp-json\/wp\/v2\/pages\/4707?wpv_view_count=3141\" data-page=\"1\" data-ajax=\"disable\" data-effect=\"fade\" data-maxpages=\"1\" data-ajaxprebefore=\"\" data-ajaxbefore=\"\" data-ajaxafter=\"\" \/><input class=\"wpv_view_count wpv_view_count-3141\" type=\"hidden\" name=\"wpv_view_count\" value=\"3141\" \/>\n\n<div class=\"form-group1\">\n\t<label><br>Types<\/label><br>\n\t<select name=\"wpv-type-de-projet\" class=\"js-wpv-filter-trigger form-control\"><option selected='selected' value=\"0\">All<\/option><option value=\"commercial-en\">Commercial<\/option><option value=\"condos-multi-residentials\">Condos\/Multi-residentials<\/option><option value=\"hospitals-health-centers\">Hospitals\/Health centers<\/option><option value=\"low-rent-housing\">Low-rent housing<\/option><option value=\"municipal-services\">Municipal services<\/option><option value=\"offices-banks\">Offices\/Banks<\/option><option value=\"others\">Others<\/option><option value=\"police-station-fire-station\">Police station\/Fire station<\/option><option value=\"schools-education-centers\">Schools\/Education centers<\/option><\/select>\n<\/div>\n<div class=\"form-group\">\n\t<label for=\"wpv-region\"><br>Regions<\/label><br>\n\t<select name=\"wpv-region\" class=\"js-wpv-filter-trigger form-control\"><option selected='selected' value=\"0\">All<\/option><option value=\"others\">Others<\/option><option value=\"6-montreal-en\">6. Montr\u00e9al<\/option><option value=\"7-outaouais-en\">7. Outaouais<\/option><\/select>\n<\/div>\n\n<div class=\"form-group\">\n\t<label><br>Products<\/label><br>\n\t<select name=\"wpv-tax-produit\" class=\"js-wpv-filter-trigger form-control\"><option selected='selected' value=\"0\">All<\/option><option value=\"pb-800-panfab-bardage-en\">PB-800 Panfab Bardage<\/option><option value=\"pc-550-panfab-composite-en\">PC-550 Panfab Composite<\/option><option value=\"ph-300-panfab-horizon-en\">PH-300 Panfab Horizon<\/option><option value=\"pl-700-panfab-linea-en\">PL-700 Panfab Lin\u00e9a<\/option><option value=\"pp-400-panfab-plate\">PP-400 Panfab Plate<\/option><option value=\"pp-450-panfab-premium-en\">PP-450 Panfab Premium<\/option><option value=\"pr-100-panfab-profile-en\">PR-100 Panfab Profile<\/option><option value=\"pr-150-panfab-revetement-tuiles-en\">PR-150 Panfab Rev\u00eatement Tuiles<\/option><option value=\"ps-200-panfab-standard-en\">PS-200 Panfab Standard<\/option><option value=\"ps-900-panfab-special-en\">PS-900 Panfab Sp\u00e9cial<\/option><option value=\"pt-900-panfab-toiture-en\">PT-900 Panfab Toiture<\/option><option value=\"pz-600-panfab-ezclip-en\">PZ-600 Panfab EZclip<\/option><\/select>\n<\/div>\n<div class=\"form-group\">\n\t<label><br>Finishes<\/label><br>\n\t<select name=\"wpv-tax-fini\" class=\"js-wpv-filter-trigger form-control\"><option selected='selected' value=\"0\">All<\/option><option value=\"acrylic-urethane\">Acrylic urethane<\/option><option value=\"composite-acm\">Composite (ACM)<\/option><option value=\"others-special-finishes\">Others\/Special finishes<\/option><option value=\"pre-painted-d-max\">Pre-painted D-MAX<\/option><option value=\"zinc-copper\">Zinc\/Copper<\/option><\/select>\n<\/div>\n<div class=\"form-group\">\n\t<label>PRINCIPAL<br>COLOR<\/label><br>\n\t<select name=\"wpv-couleur-principale\" class=\"js-wpv-filter-trigger form-control\"><option selected='selected' value=\"0\">All<\/option><option value=\"alpha-centauri-en\">Alpha Centauri<\/option><option value=\"white-ral9016\">White RAL9016<\/option><option value=\"charcoal\">Charcoal<\/option><option value=\"black-ral9005\">Black RAL9005<\/option><option value=\"others\">Others<\/option><option value=\"multi-colours\">Multi-colours<\/option><option value=\"same-color-different-shades\">Same color, different shades<\/option><option value=\"yellow-ral1018\">Yellow RAL1018<\/option><option value=\"jupiter-ral9006-en\">Jupiter RAL9006<\/option><option value=\"neptune-en\">Neptune<\/option><option value=\"quartz-en\">Quartz<\/option><option value=\"rigel-2-en\">Rigel-2<\/option><option value=\"light-blue\">Light Blue<\/option><\/select>\n<\/div>\n\n<input type=\"submit\" class=\"btnRechercher wpv-submit-trigger js-wpv-submit-trigger\" name=\"wpv_filter_submit\" value=\"SEARCH\" \/><br><br>\n\n<\/form>\n\n<p class=\"listesProjets\">Cliquer pour t\u00e9l\u00e9charger les listes :<br><a href=\"https:\/\/panfab.com\/wp-content\/uploads\/2022\/02\/projetspartype2021.pdf\" target=\"blank\">par types<\/a> afin de trouver \u00e9coles, condos, h\u00f4pitaux, casernes... <br><a href=\"https:\/\/panfab.com\/wp-content\/uploads\/2019\/12\/LISTE-DE-PROJETS-PAR-RE\u0301GIONS.pdf\" target=\"blank\">par r\u00e9gions<\/a> afin de trouver \u00e0 Montr\u00e9al, \u00e0 Laval, en Mont\u00e9r\u00e9gie... <br><a href=\"https:\/\/panfab.com\/wp-content\/uploads\/2019\/12\/LISTE-DE-PROJETS-PAR-COULEURS.pdf\" target=\"blank\">par couleurs<\/a> afin de trouver des projets avec couleur : blanc, noir, Jupiter...<\/p>\n<div class=\"resultats\">RESULTS :<br>\n<img decoding=\"async\" src=\"https:\/\/panfab.com\/wp-content\/uploads\/2019\/05\/lignehori-1.jpg\">\n<\/div>\n<div id=\"wpv-view-layout-3141\" class=\"js-wpv-view-layout js-wpv-layout-responsive js-wpv-view-layout-3141\" data-viewnumber=\"3141\" data-pagination=\"{&quot;id&quot;:3141,&quot;query&quot;:&quot;normal&quot;,&quot;type&quot;:&quot;paged&quot;,&quot;effect&quot;:&quot;fade&quot;,&quot;duration&quot;:500,&quot;speed&quot;:5,&quot;pause_on_hover&quot;:&quot;disabled&quot;,&quot;stop_rollover&quot;:&quot;false&quot;,&quot;cache_pages&quot;:&quot;enabled&quot;,&quot;preload_images&quot;:&quot;enabled&quot;,&quot;preload_pages&quot;:&quot;enabled&quot;,&quot;preload_reach&quot;:19,&quot;spinner&quot;:&quot;builtin&quot;,&quot;spinner_image&quot;:&quot;https:\/\/panfab.com\/wp-content\/plugins\/wp-views\/embedded\/res\/img\/ajax-loader4.gif&quot;,&quot;callback_next&quot;:&quot;&quot;,&quot;manage_history&quot;:&quot;enabled&quot;,&quot;has_controls_in_form&quot;:&quot;disabled&quot;,&quot;infinite_tolerance&quot;:0,&quot;max_pages&quot;:1,&quot;page&quot;:1,&quot;base_permalink&quot;:&quot;\/en\/wp-json\/wp\/v2\/pages\/4707?wpv_view_count=3141&amp;wpv_paged=WPV_PAGE_NUM&quot;,&quot;loop&quot;:{&quot;type&quot;:&quot;&quot;,&quot;name&quot;:&quot;&quot;,&quot;data&quot;:[],&quot;id&quot;:0}}\" data-permalink=\"\/en\/wp-json\/wp\/v2\/pages\/4707?wpv_view_count=3141\">\n\n\t\n\t\n\t\n\t\t\n\t\t\t<div class=\"col-sm-3\"><div class=\"wrapProjet\"><a href=\"https:\/\/panfab.com\/en\/project\/tdc-tour-des-canadiens\/\"><img fetchpriority=\"high\" fetchpriority=\"high\" fetchpriority=\"high\" decoding=\"async\" width=\"593\" height=\"396\" src=\"https:\/\/panfab.com\/wp-content\/uploads\/2019\/03\/condos_tour_des_canadiens_173a_panfab.png\" class=\"attachment-full size-full wp-post-image\" alt=\"\" srcset=\"https:\/\/panfab.com\/wp-content\/uploads\/2019\/03\/condos_tour_des_canadiens_173a_panfab.png 593w, https:\/\/panfab.com\/wp-content\/uploads\/2019\/03\/condos_tour_des_canadiens_173a_panfab-300x200.png 300w\" sizes=\"(max-width: 593px) 100vw, 593px\" \/><\/a><\/div>\n<span class=\"lienVersProjet\"><a href=\"https:\/\/panfab.com\/en\/project\/tdc-tour-des-canadiens\/\">TDC Tour des Canadiens<\/a><br>Montreal<\/span>\n<\/div>\n\t\t\n\t\t\n\t\t\t<div class=\"col-sm-3\"><div class=\"wrapProjet\"><a href=\"https:\/\/panfab.com\/en\/project\/crchum-research-center\/\"><img decoding=\"async\" width=\"593\" height=\"396\" src=\"https:\/\/panfab.com\/wp-content\/uploads\/2019\/03\/crchum_100br2_panfab.jpg\" class=\"attachment-full size-full wp-post-image\" alt=\"\" srcset=\"https:\/\/panfab.com\/wp-content\/uploads\/2019\/03\/crchum_100br2_panfab.jpg 593w, https:\/\/panfab.com\/wp-content\/uploads\/2019\/03\/crchum_100br2_panfab-300x200.jpg 300w\" sizes=\"(max-width: 593px) 100vw, 593px\" \/><\/a><\/div>\n<span class=\"lienVersProjet\"><a href=\"https:\/\/panfab.com\/en\/project\/crchum-research-center\/\">CRCHUM, Research Center<\/a><br>Montreal<\/span>\n<\/div>\n\t\t\n\t\t\n\t\t\t<div class=\"col-sm-3\"><div class=\"wrapProjet\"><a href=\"https:\/\/panfab.com\/en\/project\/shriners-hospital\/\"><img decoding=\"async\" width=\"593\" height=\"396\" src=\"https:\/\/panfab.com\/wp-content\/uploads\/2019\/03\/hopital_shriners_132b_panfab.jpg\" class=\"attachment-full size-full wp-post-image\" alt=\"\" srcset=\"https:\/\/panfab.com\/wp-content\/uploads\/2019\/03\/hopital_shriners_132b_panfab.jpg 593w, https:\/\/panfab.com\/wp-content\/uploads\/2019\/03\/hopital_shriners_132b_panfab-300x200.jpg 300w\" sizes=\"(max-width: 593px) 100vw, 593px\" \/><\/a><\/div>\n<span class=\"lienVersProjet\"><a href=\"https:\/\/panfab.com\/en\/project\/shriners-hospital\/\">Shriners Hospital<\/a><br>Montreal<\/span>\n<\/div>\n\t\t\n\t\t\n\t\t\t<div class=\"col-sm-3\"><div class=\"wrapProjet\"><a href=\"https:\/\/panfab.com\/en\/project\/cusm-bloc-e\/\"><img loading=\"lazy\" loading=\"lazy\" loading=\"lazy\" decoding=\"async\" width=\"593\" height=\"396\" src=\"https:\/\/panfab.com\/wp-content\/uploads\/2019\/03\/cusm_bloc_e_101ar3_panfab.png\" class=\"attachment-full size-full wp-post-image\" alt=\"\" srcset=\"https:\/\/panfab.com\/wp-content\/uploads\/2019\/03\/cusm_bloc_e_101ar3_panfab.png 593w, https:\/\/panfab.com\/wp-content\/uploads\/2019\/03\/cusm_bloc_e_101ar3_panfab-300x200.png 300w\" sizes=\"auto, (max-width: 593px) 100vw, 593px\" \/><\/a><\/div>\n<span class=\"lienVersProjet\"><a href=\"https:\/\/panfab.com\/en\/project\/cusm-bloc-e\/\">CUSM bloc E<\/a><br>Montreal<\/span>\n<\/div>\n\t\t\n\t\t\n\t\t\n\t\t\t<div class=\"col-sm-3\"><div class=\"wrapProjet\"><a href=\"https:\/\/panfab.com\/en\/project\/condos-hotel-alt\/\"><img loading=\"lazy\" loading=\"lazy\" loading=\"lazy\" decoding=\"async\" width=\"593\" height=\"396\" src=\"https:\/\/panfab.com\/wp-content\/uploads\/2019\/03\/condos_alt_120ar_panfab.jpg\" class=\"attachment-full size-full wp-post-image\" alt=\"\" srcset=\"https:\/\/panfab.com\/wp-content\/uploads\/2019\/03\/condos_alt_120ar_panfab.jpg 593w, https:\/\/panfab.com\/wp-content\/uploads\/2019\/03\/condos_alt_120ar_panfab-300x200.jpg 300w\" sizes=\"auto, (max-width: 593px) 100vw, 593px\" \/><\/a><\/div>\n<span class=\"lienVersProjet\"><a href=\"https:\/\/panfab.com\/en\/project\/condos-hotel-alt\/\">Condos-Hotel Alt<\/a><br>Montreal<\/span>\n<\/div>\n\t\t\n\t\t\n\t\t\t<div class=\"col-sm-3\"><div class=\"wrapProjet\"><a href=\"https:\/\/panfab.com\/en\/project\/condos-hotel-le-crystal\/\"><img loading=\"lazy\" loading=\"lazy\" loading=\"lazy\" decoding=\"async\" width=\"593\" height=\"396\" src=\"https:\/\/panfab.com\/wp-content\/uploads\/2019\/03\/crystal_de_la_montagne_37a_panfab.png\" class=\"attachment-full size-full wp-post-image\" alt=\"\" srcset=\"https:\/\/panfab.com\/wp-content\/uploads\/2019\/03\/crystal_de_la_montagne_37a_panfab.png 593w, https:\/\/panfab.com\/wp-content\/uploads\/2019\/03\/crystal_de_la_montagne_37a_panfab-300x200.png 300w\" sizes=\"auto, (max-width: 593px) 100vw, 593px\" \/><\/a><\/div>\n<span class=\"lienVersProjet\"><a href=\"https:\/\/panfab.com\/en\/project\/condos-hotel-le-crystal\/\">Condos-Hotel Le Crystal<\/a><br>Montreal<\/span>\n<\/div>\n\t\t\n\t\t\n\t\t\t<div class=\"col-sm-3\"><div class=\"wrapProjet\"><a href=\"https:\/\/panfab.com\/en\/project\/one-bryant-park\/\"><img loading=\"lazy\" loading=\"lazy\" loading=\"lazy\" decoding=\"async\" width=\"593\" height=\"396\" src=\"https:\/\/panfab.com\/wp-content\/uploads\/2019\/03\/one_bryant_park_03ar_panfab.png\" class=\"attachment-full size-full wp-post-image\" alt=\"\" srcset=\"https:\/\/panfab.com\/wp-content\/uploads\/2019\/03\/one_bryant_park_03ar_panfab.png 593w, https:\/\/panfab.com\/wp-content\/uploads\/2019\/03\/one_bryant_park_03ar_panfab-300x200.png 300w\" sizes=\"auto, (max-width: 593px) 100vw, 593px\" \/><\/a><\/div>\n<span class=\"lienVersProjet\"><a href=\"https:\/\/panfab.com\/en\/project\/one-bryant-park\/\">One Bryant Park<\/a><br>New York<\/span>\n<\/div>\n\t\t\n\t\t\n\t\t\t<div class=\"col-sm-3\"><div class=\"wrapProjet\"><a href=\"https:\/\/panfab.com\/en\/project\/place-victoria\/\"><img loading=\"lazy\" loading=\"lazy\" loading=\"lazy\" decoding=\"async\" width=\"593\" height=\"396\" src=\"https:\/\/panfab.com\/wp-content\/uploads\/2019\/03\/place_victoria_181a_panfab.png\" class=\"attachment-full size-full wp-post-image\" alt=\"\" srcset=\"https:\/\/panfab.com\/wp-content\/uploads\/2019\/03\/place_victoria_181a_panfab.png 593w, https:\/\/panfab.com\/wp-content\/uploads\/2019\/03\/place_victoria_181a_panfab-300x200.png 300w\" sizes=\"auto, (max-width: 593px) 100vw, 593px\" \/><\/a><\/div>\n<span class=\"lienVersProjet\"><a href=\"https:\/\/panfab.com\/en\/project\/place-victoria\/\">Place Victoria<\/a><br>Gatineau<\/span>\n<\/div>\n\t\t\n\t\t\n\t<div id=\"pagination\">\n   <ul class=\"pagination\">\n\t<li class=\"page-item\"><\/li>\n\t<li class=\"page-item\"><\/li>\n<\/ul>\n\t\n\t\n\t\n<\/div>\n      <\/div>\n\t\t\t\t<\/div>\n\t\t\t\t<\/div>\n\t\t\t\t\t<\/div>\n\t\t<\/div>\n\t\t\t\t\t<\/div>\n\t\t<\/section>\n\t\t\t\t<\/div>\n\t\t","protected":false},"excerpt":{"rendered":"<p>SEARCH FOR PROJECTS FIND EXAMPLES OF PRODUCT USE Use our project search tool to find examples of realizations using Panfab Architectural Panels. Choose one or more of the options from the search filters. Types deprojets TousAutresBureaux\/Banques\/CaissesCommercialCondos\/Multi-r\u00e9sidentiels\u00c9coles\/ScolairesHospitaliers\/MDAOffice Municipal HabitationPolice\/PompierServices municipaux R\u00e9gions Toutes1. Bas St-Laurent2. Saguenay Lac-St-Jean3. Capitale Nationale4. Mauricie5. Estrie6. Montr\u00e9al7. Outaouais8. Abitibi-T\u00e9miscamingue9. C\u00f4te-Nord10. Nord-du-Qu\u00e9bec11. Gasp\u00e9sie [&hellip;]<\/p>\n","protected":false},"author":2,"featured_media":0,"parent":0,"menu_order":5,"comment_status":"closed","ping_status":"closed","template":"","meta":{"_seopress_robots_primary_cat":"","_seopress_titles_title":"","_seopress_titles_desc":"","_seopress_robots_index":"","site-sidebar-layout":"no-sidebar","site-content-layout":"page-builder","ast-site-content-layout":"default","site-content-style":"default","site-sidebar-style":"default","ast-global-header-display":"","ast-banner-title-visibility":"","ast-main-header-display":"","ast-hfb-above-header-display":"","ast-hfb-below-header-display":"","ast-hfb-mobile-header-display":"","site-post-title":"disabled","ast-breadcrumbs-content":"","ast-featured-img":"disabled","footer-sml-layout":"","ast-disable-related-posts":"","theme-transparent-header-meta":"default","adv-header-id-meta":"","stick-header-meta":"default","header-above-stick-meta":"","header-main-stick-meta":"","header-below-stick-meta":"","astra-migrate-meta-layouts":"default","ast-page-background-enabled":"default","ast-page-background-meta":{"desktop":{"background-color":"","background-image":"","background-repeat":"repeat","background-position":"center center","background-size":"auto","background-attachment":"scroll","background-type":"","background-media":"","overlay-type":"","overlay-color":"","overlay-opacity":"","overlay-gradient":""},"tablet":{"background-color":"","background-image":"","background-repeat":"repeat","background-position":"center center","background-size":"auto","background-attachment":"scroll","background-type":"","background-media":"","overlay-type":"","overlay-color":"","overlay-opacity":"","overlay-gradient":""},"mobile":{"background-color":"","background-image":"","background-repeat":"repeat","background-position":"center center","background-size":"auto","background-attachment":"scroll","background-type":"","background-media":"","overlay-type":"","overlay-color":"","overlay-opacity":"","overlay-gradient":""}},"ast-content-background-meta":{"desktop":{"background-color":"var(--ast-global-color-5)","background-image":"","background-repeat":"repeat","background-position":"center center","background-size":"auto","background-attachment":"scroll","background-type":"","background-media":"","overlay-type":"","overlay-color":"","overlay-opacity":"","overlay-gradient":""},"tablet":{"background-color":"var(--ast-global-color-5)","background-image":"","background-repeat":"repeat","background-position":"center center","background-size":"auto","background-attachment":"scroll","background-type":"","background-media":"","overlay-type":"","overlay-color":"","overlay-opacity":"","overlay-gradient":""},"mobile":{"background-color":"var(--ast-global-color-5)","background-image":"","background-repeat":"repeat","background-position":"center center","background-size":"auto","background-attachment":"scroll","background-type":"","background-media":"","overlay-type":"","overlay-color":"","overlay-opacity":"","overlay-gradient":""}},"footnotes":""},"class_list":["post-4707","page","type-page","status-publish","hentry"],"_links":{"self":[{"href":"https:\/\/panfab.com\/en\/wp-json\/wp\/v2\/pages\/4707","targetHints":{"allow":["GET"]}}],"collection":[{"href":"https:\/\/panfab.com\/en\/wp-json\/wp\/v2\/pages"}],"about":[{"href":"https:\/\/panfab.com\/en\/wp-json\/wp\/v2\/types\/page"}],"author":[{"embeddable":true,"href":"https:\/\/panfab.com\/en\/wp-json\/wp\/v2\/users\/2"}],"replies":[{"embeddable":true,"href":"https:\/\/panfab.com\/en\/wp-json\/wp\/v2\/comments?post=4707"}],"version-history":[{"count":23,"href":"https:\/\/panfab.com\/en\/wp-json\/wp\/v2\/pages\/4707\/revisions"}],"predecessor-version":[{"id":8502,"href":"https:\/\/panfab.com\/en\/wp-json\/wp\/v2\/pages\/4707\/revisions\/8502"}],"wp:attachment":[{"href":"https:\/\/panfab.com\/en\/wp-json\/wp\/v2\/media?parent=4707"}],"curies":[{"name":"wp","href":"https:\/\/api.w.org\/{rel}","templated":true}]}}